{"id":35,"date":"2017-05-23T10:20:50","date_gmt":"2017-05-23T10:20:50","guid":{"rendered":"http:\/\/artemisat2.ulpgc.es\/?page_id=35"},"modified":"2017-11-09T16:23:41","modified_gmt":"2017-11-09T16:23:41","slug":"objetivos","status":"publish","type":"page","link":"https:\/\/artemisat2.ulpgc.es\/?page_id=35","title":{"rendered":"OBJETIVOS"},"content":{"rendered":"<p style=\"text-align: justify;\">Espa\u00f1a es el pa\u00eds con mayor biodiversidad de la Uni\u00f3n Europea. La superficie protegida alcanza el 27,21% y su longitud de costa es de 7.880 km, con un total de \u00e1reas marinas preservadas que supera el 8%. Estas zonas son activos fundamentales para la conservaci\u00f3n de la biodiversidad y la provisi\u00f3n de servicios b\u00e1sicos para la sociedad. Tambi\u00e9n son fuente de empleo verde, pues los Parques espa\u00f1oles reciben anualmente m\u00e1s de 21 millones de visitantes. Sin embargo, para desarrollar todo su potencial es preciso gestionarlas eficazmente, con mecanismos de seguimiento y evaluaci\u00f3n adecuados (Europarc, 2014).<\/p>\n<p style=\"text-align: justify;\"><a href=\"http:\/\/artemisat2.ulpgc.es\/wp-content\/uploads\/2017\/11\/teide.png\"><img loading=\"lazy\" class=\" wp-image-86 alignleft\" src=\"http:\/\/artemisat2.ulpgc.es\/wp-content\/uploads\/2017\/11\/teide.png\" alt=\"teide\" width=\"354\" height=\"265\" \/><\/a><\/p>\n<p style=\"text-align: justify;\">En este contexto, el proyecto ARTeMISat-2 ambiciona desarrollar t\u00e9cnicas novedosas de procesado de im\u00e1genes de teledetecci\u00f3n, captadas mediante sensores multiespectrales, hiperespectrales, radar y lidar de alta resoluci\u00f3n espacial, que permitan la gesti\u00f3n sostenible de los recursos naturales, as\u00ed como la monitorizaci\u00f3n del medioambiente y la estimaci\u00f3n de par\u00e1metros vinculados al cambio clim\u00e1tico y a la presi\u00f3n antr\u00f3pica.<\/p>\n<p style=\"text-align: justify;\">Los <strong>objetivos espec\u00edficos<\/strong> del proyecto ARTeMISat2 son los siguientes:<\/p>\n<p><strong>Objetivo 1.<\/strong> Determinar los datos necesarios para los ecosistemas seleccionados.<\/p>\n<p><strong>Objetivo 2.<\/strong> Desarrollar metodolog\u00edas de correcci\u00f3n y mejora para disponer de informaci\u00f3n espacial y espectral de alta calidad.<\/p>\n<p><strong>Objetivo 3.<\/strong> Desarrollar algoritmos para la fusi\u00f3n multisensor.<\/p>\n<p><strong>Objetivo 4.<\/strong> Generar productos de alta resoluci\u00f3n para la gesti\u00f3n de los recursos vegetales terrestres.<\/span><\/p>\n<p><strong>Objetivo 5.<\/strong> Generar productos de alta resoluci\u00f3n para la gesti\u00f3n de los recursos marinos costeros.<\/p>\n<p><strong>Objetivo 6.<\/strong> Realizar estudios del estado de conservaci\u00f3n de los recursos naturales y de sus sostenibilidad y variabilidad.<\/p>\n<p><strong>Objetivo\u00a07.<\/strong>Desarrollar un visor web para el acceso a los productos terrestres y marinos.<\/p>\n<p style=\"text-align: center;\"><a href=\"http:\/\/artemisat2.ulpgc.es\/wp-content\/uploads\/2017\/11\/Diagrama-de-bloques.jpg\"><img loading=\"lazy\" class=\" wp-image-92  aligncenter\" src=\"http:\/\/artemisat2.ulpgc.es\/wp-content\/uploads\/2017\/11\/Diagrama-de-bloques.jpg\" alt=\"diagrama\" width=\"400\" height=\"362\" \/><\/a><\/p>\n<p style=\"text-align: center;\"><strong><span style=\"color: #999999;\"><em> <\/em>Procesados necesarios para generar productos marinos y terrestres de alta resoluci\u00f3n a partir de las bandas.<\/span><\/strong><\/p>\n<ul style=\"list-style-type: square;\">\n<li style=\"text-align: left;\"><strong>Entidad financiadora<\/strong>: Proyectos I+D+i &#8211; Programa Estatal de Investigaci\u00f3n, Desarrollo e Innovaci\u00f3n Orientada a los Retos de la Sociedad (Convocatoria 2016).<\/li>\n<li style=\"text-align: left;\"><strong>Duraci\u00f3n<\/strong>: 3 a\u00f1os (2017-2019).<\/li>\n","protected":false},"excerpt":{"rendered":"<p>Espa\u00f1a es el pa\u00eds con mayor biodiversidad de la Uni\u00f3n Europea. La superficie protegida alcanza el 27,21% y su longitud de costa es de 7.880 km, con un total de \u00e1reas marinas preservadas que supera el 8%. Estas zonas son activos fundamentales para la conservaci\u00f3n de la biodiversidad y la\u2026 <a class=\"continue-reading-link\" href=\"https:\/\/artemisat2.ulpgc.es\/?page_id=35\">Continue reading<\/a><\/p>\n","protected":false},"author":1,"featured_media":0,"parent":0,"menu_order":0,"comment_status":"closed","ping_status":"closed","template":"","meta":{"ngg_post_thumbnail":0},"_links":{"self":[{"href":"https:\/\/artemisat2.ulpgc.es\/index.php?rest_route=\/wp\/v2\/pages\/35"}],"collection":[{"href":"https:\/\/artemisat2.ulpgc.es\/index.php?rest_route=\/wp\/v2\/pages"}],"about":[{"href":"https:\/\/artemisat2.ulpgc.es\/index.php?rest_route=\/wp\/v2\/types\/page"}],"author":[{"embeddable":true,"href":"https:\/\/artemisat2.ulpgc.es\/index.php?rest_route=\/wp\/v2\/users\/1"}],"replies":[{"embeddable":true,"href":"https:\/\/artemisat2.ulpgc.es\/index.php?rest_route=%2Fwp%2Fv2%2Fcomments&post=35"}],"version-history":[{"count":13,"href":"https:\/\/artemisat2.ulpgc.es\/index.php?rest_route=\/wp\/v2\/pages\/35\/revisions"}],"predecessor-version":[{"id":314,"href":"https:\/\/artemisat2.ulpgc.es\/index.php?rest_route=\/wp\/v2\/pages\/35\/revisions\/314"}],"wp:attachment":[{"href":"https:\/\/artemisat2.ulpgc.es\/index.php?rest_route=%2Fwp%2Fv2%2Fmedia&parent=35"}],"curies":[{"name":"wp","href":"https:\/\/api.w.org\/{rel}","templated":true}]}}